{"id":1268,"date":"2018-11-01T10:21:35","date_gmt":"2018-11-01T09:21:35","guid":{"rendered":"https:\/\/www.kessel-limburg.nl\/nimm-mich-mit-nach-kessel\/"},"modified":"2018-11-06T15:36:38","modified_gmt":"2018-11-06T14:36:38","slug":"nimm-mich-mit-nach-kessel","status":"publish","type":"page","link":"https:\/\/www.kessel-limburg.nl\/de\/","title":{"rendered":"Nimm mich mit nach Kessel"},"content":{"rendered":"<p>[et_pb_section bb_built=&#8220;1&#8243; admin_label=&#8220;Intro video&#8220; fullwidth=&#8220;on&#8220; specialty=&#8220;off&#8220; _builder_version=&#8220;3.0.89&#8243; background_video_mp4=&#8220;http:\/\/www.kessel-limburg.nl\/wp-content\/uploads\/2017\/08\/Kessel-Limburg.mp4&#8243; background_image=&#8220;https:\/\/www.kessel-limburg.nl\/wp-content\/uploads\/2017\/09\/Header-Kessel-Limburg-Romantisch-maasdorp.jpg&#8220; background_video_webm=&#8220;https:\/\/www.kessel-limburg.nl\/wp-content\/uploads\/2017\/08\/Kessel-Limburg.mp4&#8243;][et_pb_fullwidth_header _builder_version=&#8220;3.0.89&#8243; text_orientation=&#8220;center&#8220; header_fullscreen=&#8220;on&#8220; header_scroll_down=&#8220;off&#8220; image_orientation=&#8220;center&#8220; background_layout=&#8220;light&#8220; content_orientation=&#8220;center&#8220; custom_button_one=&#8220;on&#8220; button_one_letter_spacing=&#8220;0&#8243; button_one_icon_placement=&#8220;right&#8220; button_one_letter_spacing_hover=&#8220;0&#8243; custom_button_two=&#8220;off&#8220; button_two_letter_spacing=&#8220;0&#8243; button_two_icon_placement=&#8220;right&#8220; button_two_letter_spacing_hover=&#8220;0&#8243; title=&#8220; &#8220; module_class=&#8220;sln_header_video&#8220; button_one_text=&#8220;Entdecke Kessel&#8220; button_one_url=&#8220;#ontdekkessel&#8220; button_one_text_color=&#8220;#ffffff&#8220; button_one_border_color=&#8220;#ffffff&#8220; button_one_border_radius=&#8220;5&#8243; button_one_use_icon=&#8220;off&#8220; button_one_icon=&#8220;%%26%%&#8220; button_one_font=&#8220;|on|||&#8220; button_one_on_hover=&#8220;off&#8220; max_width_tablet=&#8220;50px&#8220; title_font_size_tablet=&#8220;20px&#8220; title_font_size_last_edited=&#8220;on|desktop&#8220; \/][\/et_pb_section][et_pb_section bb_built=&#8220;1&#8243; fullwidth=&#8220;off&#8220; specialty=&#8220;off&#8220; _builder_version=&#8220;3.0.71&#8243; transparent_background=&#8220;on&#8220; module_id=&#8220;ontdekkessel&#8220; background_color=&#8220;rgba(255,255,255,0)&#8220;][et_pb_row _builder_version=&#8220;3.0.71&#8243; background_repeat_1=&#8220;no-repeat&#8220; use_custom_width=&#8220;on&#8220; custom_width_px=&#8220;760px&#8220;][et_pb_column type=&#8220;4_4&#8243;][et_pb_text _builder_version=&#8220;3.0.75&#8243; background_layout=&#8220;light&#8220; border_style=&#8220;solid&#8220; module_alignment=&#8220;left&#8220;]<\/p>\n<h2 style=\"text-align: center;\">Herzlich willkommen in Kessel<\/h2>\n<p style=\"text-align: center;\">Ein historischer Markt, monumentale Bauern- und Herrenh\u00e4user, gem\u00fctliche Terrassen und ein prachtvolles Maaspanorama mit dem Schloss als Blickfang, dem modernsten Schloss der Niederlande mit einer jahrhundertealten Vergangenheit. Das ist Kessel, ein Ort, wo die Zeit manchmal stehenbleibt. Erleben Sie es selbst! Schlendern Sie durch die Strassen, spazieren Sie \u00fcber den Maasboulevard, radeln Sie durch die wundersch\u00f6ne Natur und geniessen Sie, was Kessel im kulinarischen Bereich zu bieten hat. Kessel, das m\u00fcssen Sie erleben!<\/p>\n<p>[\/et_pb_text][et_pb_video _builder_version=&#8220;3.0.89&#8243; src=&#8220;https:\/\/youtu.be\/doxzg7fM9VQ&#8220; image_src=&#8220;\/\/i.ytimg.com\/vi\/doxzg7fM9VQ\/hqdefault.jpg&#8220; disabled_on=&#8220;off|off|off&#8220; disabled=&#8220;off&#8220; \/][\/et_pb_column][\/et_pb_row][\/et_pb_section][et_pb_section bb_built=&#8220;1&#8243; fullwidth=&#8220;off&#8220; specialty=&#8220;off&#8220; _builder_version=&#8220;3.0.71&#8243; transparent_background=&#8220;on&#8220; background_color=&#8220;rgba(255,255,255,0)&#8220;][et_pb_row _builder_version=&#8220;3.0.71&#8243; background_repeat_1=&#8220;no-repeat&#8220; custom_width_px=&#8220;760px&#8220;][et_pb_column type=&#8220;4_4&#8243;][et_pb_text admin_label=&#8220;Highlights&#8220; _builder_version=&#8220;3.0.75&#8243; background_layout=&#8220;light&#8220; border_style=&#8220;solid&#8220; module_alignment=&#8220;left&#8220;]<\/p>\n<h2 style=\"text-align: center;\">Highlights<\/h2>\n<p>[\/et_pb_text][et_pb_blog _builder_version=&#8220;3.0.71&#8243; include_categories=&#8220;3&#8243; show_content=&#8220;off&#8220; offset_number=&#8220;0&#8243; show_thumbnail=&#8220;on&#8220; show_more=&#8220;off&#8220; show_author=&#8220;off&#8220; show_date=&#8220;off&#8220; show_categories=&#8220;off&#8220; show_comments=&#8220;off&#8220; show_pagination=&#8220;off&#8220; fullwidth=&#8220;off&#8220; use_dropshadow=&#8220;off&#8220; use_overlay=&#8220;off&#8220; background_layout=&#8220;light&#8220; border_style=&#8220;solid&#8220; module_class=&#8220;bloglayout&#8220; posts_number=&#8220;3&#8243; \/][et_pb_text admin_label=&#8220;Meer bezienswaardigheden&#8230;&#8220; _builder_version=&#8220;3.0.71&#8243; background_layout=&#8220;light&#8220; text_orientation=&#8220;left&#8220; border_style=&#8220;solid&#8220; module_alignment=&#8220;left&#8220;]<\/p>\n<p><a href=\"https:\/\/www.kessel-limburg.nl\/de\/highlights\/\">Mehr Highlights&#8230;<\/a><\/p>\n<p>[\/et_pb_text][\/et_pb_column][\/et_pb_row][\/et_pb_section][et_pb_section bb_built=&#8220;1&#8243; fullwidth=&#8220;off&#8220; specialty=&#8220;off&#8220; _builder_version=&#8220;3.0.71&#8243; transparent_background=&#8220;on&#8220; background_color=&#8220;rgba(255,255,255,0)&#8220;][et_pb_row _builder_version=&#8220;3.0.71&#8243; background_repeat_1=&#8220;no-repeat&#8220; custom_width_px=&#8220;760px&#8220;][et_pb_column type=&#8220;4_4&#8243;][et_pb_text admin_label=&#8220;Eten &amp; drinken&#8220; _builder_version=&#8220;3.0.71&#8243; background_layout=&#8220;light&#8220; text_orientation=&#8220;left&#8220; border_style=&#8220;solid&#8220; module_alignment=&#8220;left&#8220;]<\/p>\n<h2 style=\"text-align: center;\">Essen und Trinken<\/h2>\n<p>[\/et_pb_text][et_pb_blog _builder_version=&#8220;3.0.71&#8243; include_categories=&#8220;4&#8243; show_content=&#8220;off&#8220; offset_number=&#8220;0&#8243; show_thumbnail=&#8220;on&#8220; show_more=&#8220;off&#8220; show_author=&#8220;off&#8220; show_date=&#8220;off&#8220; show_categories=&#8220;off&#8220; show_comments=&#8220;off&#8220; show_pagination=&#8220;off&#8220; fullwidth=&#8220;off&#8220; use_dropshadow=&#8220;off&#8220; use_overlay=&#8220;off&#8220; background_layout=&#8220;light&#8220; border_style=&#8220;solid&#8220; module_class=&#8220;bloglayout&#8220; posts_number=&#8220;3&#8243; \/][et_pb_text admin_label=&#8220;Meer Eten &amp; drinken&#8230;&#8220; _builder_version=&#8220;3.0.71&#8243; background_layout=&#8220;light&#8220; text_orientation=&#8220;left&#8220; border_style=&#8220;solid&#8220; module_alignment=&#8220;left&#8220;]<\/p>\n<p><a href=\"https:\/\/www.kessel-limburg.nl\/de\/essen-und-trinken\/\">Mehr Essen und Trinken &#8230;<\/a><\/p>\n<p>[\/et_pb_text][\/et_pb_column][\/et_pb_row][\/et_pb_section][et_pb_section bb_built=&#8220;1&#8243; fullwidth=&#8220;off&#8220; specialty=&#8220;off&#8220; _builder_version=&#8220;3.0.71&#8243; transparent_background=&#8220;on&#8220; background_color=&#8220;rgba(255,255,255,0)&#8220;][et_pb_row _builder_version=&#8220;3.0.71&#8243; background_repeat_1=&#8220;no-repeat&#8220; custom_width_px=&#8220;760px&#8220;][et_pb_column type=&#8220;4_4&#8243;][et_pb_text admin_label=&#8220;Overnachten&#8220; _builder_version=&#8220;3.0.71&#8243; background_layout=&#8220;light&#8220; text_orientation=&#8220;left&#8220; border_style=&#8220;solid&#8220; module_alignment=&#8220;left&#8220;]<\/p>\n<h2 style=\"text-align: center;\">\u00dcbernachten<\/h2>\n<p>[\/et_pb_text][et_pb_blog _builder_version=&#8220;3.0.71&#8243; include_categories=&#8220;5&#8243; show_content=&#8220;off&#8220; offset_number=&#8220;0&#8243; show_thumbnail=&#8220;on&#8220; show_more=&#8220;off&#8220; show_author=&#8220;off&#8220; show_date=&#8220;off&#8220; show_categories=&#8220;off&#8220; show_comments=&#8220;off&#8220; show_pagination=&#8220;off&#8220; fullwidth=&#8220;off&#8220; use_dropshadow=&#8220;off&#8220; use_overlay=&#8220;off&#8220; background_layout=&#8220;light&#8220; border_style=&#8220;solid&#8220; module_class=&#8220;bloglayout&#8220; posts_number=&#8220;3&#8243; \/][et_pb_text admin_label=&#8220;Meer Overnachten&#8230;&#8220; _builder_version=&#8220;3.0.71&#8243; background_layout=&#8220;light&#8220; text_orientation=&#8220;left&#8220; border_style=&#8220;solid&#8220; module_alignment=&#8220;left&#8220;]<\/p>\n<p><a href=\"https:\/\/www.kessel-limburg.nl\/de\/ubernachten\/\">Mehr \u00dcbernachten&#8230;<\/a><\/p>\n<p>[\/et_pb_text][\/et_pb_column][\/et_pb_row][\/et_pb_section]<\/p>\n","protected":false},"excerpt":{"rendered":"<p>Herzlich willkommen in Kessel Ein historischer Markt, monumentale Bauern- und Herrenh\u00e4user, gem\u00fctliche Terrassen und ein prachtvolles Maaspanorama mit dem Schloss als Blickfang, dem modernsten Schloss der Niederlande mit einer jahrhundertealten Vergangenheit. Das ist Kessel, ein Ort, wo die Zeit manchmal stehenbleibt. Erleben Sie es selbst! Schlendern Sie durch die Strassen, spazieren Sie \u00fcber den Maasboulevard, [&hellip;]<\/p>\n","protected":false},"author":1,"featured_media":0,"parent":0,"menu_order":0,"comment_status":"closed","ping_status":"closed","template":"","meta":{"_et_pb_use_builder":"on","_et_pb_old_content":"","_et_gb_content_width":"","footnotes":""},"yoast_head":"<!-- This site is optimized with the Yoast SEO plugin v21.7 - https:\/\/yoast.com\/wordpress\/plugins\/seo\/ -->\n<title>Kessel Limburg - Nimm mich mit nach Kessel<\/title>\n<meta name=\"description\" content=\"Kessel ist ein romantisches Dorf an der Maas mit einer reichen Geschichte. Der malerische Markt, die monumentalen Geb\u00e4ude und das Castle de Keverberg sind einen Besuch wert.\" \/>\n<meta name=\"robots\" content=\"index, follow, max-snippet:-1, max-image-preview:large, max-video-preview:-1\" \/>\n<link rel=\"canonical\" href=\"https:\/\/www.kessel-limburg.nl\/de\/\" \/>\n<meta property=\"og:locale\" content=\"de_DE\" \/>\n<meta property=\"og:type\" content=\"article\" \/>\n<meta property=\"og:title\" content=\"Kessel Limburg - Nimm mich mit nach Kessel\" \/>\n<meta property=\"og:description\" content=\"Kessel ist ein romantisches Dorf an der Maas mit einer reichen Geschichte. Der malerische Markt, die monumentalen Geb\u00e4ude und das Castle de Keverberg sind einen Besuch wert.\" \/>\n<meta property=\"og:url\" content=\"https:\/\/www.kessel-limburg.nl\/de\/\" \/>\n<meta property=\"og:site_name\" content=\"Kessel Limburg - Neem me mee naar Kessel\" \/>\n<meta property=\"article:modified_time\" content=\"2018-11-06T14:36:38+00:00\" \/>\n<meta name=\"twitter:card\" content=\"summary_large_image\" \/>\n<meta name=\"twitter:label1\" content=\"Gesch\u00e4tzte Lesezeit\" \/>\n\t<meta name=\"twitter:data1\" content=\"4\u00a0Minuten\" \/>\n<script type=\"application\/ld+json\" class=\"yoast-schema-graph\">{\"@context\":\"https:\/\/schema.org\",\"@graph\":[{\"@type\":\"WebPage\",\"@id\":\"https:\/\/www.kessel-limburg.nl\/de\/\",\"url\":\"https:\/\/www.kessel-limburg.nl\/de\/\",\"name\":\"Kessel Limburg - Nimm mich mit nach Kessel\",\"isPartOf\":{\"@id\":\"https:\/\/www.kessel-limburg.nl\/de\/#website\"},\"datePublished\":\"2018-11-01T09:21:35+00:00\",\"dateModified\":\"2018-11-06T14:36:38+00:00\",\"description\":\"Kessel ist ein romantisches Dorf an der Maas mit einer reichen Geschichte. Der malerische Markt, die monumentalen Geb\u00e4ude und das Castle de Keverberg sind einen Besuch wert.\",\"breadcrumb\":{\"@id\":\"https:\/\/www.kessel-limburg.nl\/de\/#breadcrumb\"},\"inLanguage\":\"de\",\"potentialAction\":[{\"@type\":\"ReadAction\",\"target\":[\"https:\/\/www.kessel-limburg.nl\/de\/\"]}]},{\"@type\":\"BreadcrumbList\",\"@id\":\"https:\/\/www.kessel-limburg.nl\/de\/#breadcrumb\",\"itemListElement\":[{\"@type\":\"ListItem\",\"position\":1,\"name\":\"Home\",\"item\":\"https:\/\/www.kessel-limburg.nl\/de\/nimm-mich-mit-nach-kessel\/\"},{\"@type\":\"ListItem\",\"position\":2,\"name\":\"Nimm mich mit nach Kessel\"}]},{\"@type\":\"WebSite\",\"@id\":\"https:\/\/www.kessel-limburg.nl\/de\/#website\",\"url\":\"https:\/\/www.kessel-limburg.nl\/de\/\",\"name\":\"Kessel Limburg - Neem me mee naar Kessel\",\"description\":\"Romantisch maasdorp\",\"potentialAction\":[{\"@type\":\"SearchAction\",\"target\":{\"@type\":\"EntryPoint\",\"urlTemplate\":\"https:\/\/www.kessel-limburg.nl\/de\/?s={search_term_string}\"},\"query-input\":\"required name=search_term_string\"}],\"inLanguage\":\"de\"}]}<\/script>\n<!-- \/ Yoast SEO plugin. -->","yoast_head_json":{"title":"Kessel Limburg - Nimm mich mit nach Kessel","description":"Kessel ist ein romantisches Dorf an der Maas mit einer reichen Geschichte. Der malerische Markt, die monumentalen Geb\u00e4ude und das Castle de Keverberg sind einen Besuch wert.","robots":{"index":"index","follow":"follow","max-snippet":"max-snippet:-1","max-image-preview":"max-image-preview:large","max-video-preview":"max-video-preview:-1"},"canonical":"https:\/\/www.kessel-limburg.nl\/de\/","og_locale":"de_DE","og_type":"article","og_title":"Kessel Limburg - Nimm mich mit nach Kessel","og_description":"Kessel ist ein romantisches Dorf an der Maas mit einer reichen Geschichte. Der malerische Markt, die monumentalen Geb\u00e4ude und das Castle de Keverberg sind einen Besuch wert.","og_url":"https:\/\/www.kessel-limburg.nl\/de\/","og_site_name":"Kessel Limburg - Neem me mee naar Kessel","article_modified_time":"2018-11-06T14:36:38+00:00","twitter_card":"summary_large_image","twitter_misc":{"Gesch\u00e4tzte Lesezeit":"4\u00a0Minuten"},"schema":{"@context":"https:\/\/schema.org","@graph":[{"@type":"WebPage","@id":"https:\/\/www.kessel-limburg.nl\/de\/","url":"https:\/\/www.kessel-limburg.nl\/de\/","name":"Kessel Limburg - Nimm mich mit nach Kessel","isPartOf":{"@id":"https:\/\/www.kessel-limburg.nl\/de\/#website"},"datePublished":"2018-11-01T09:21:35+00:00","dateModified":"2018-11-06T14:36:38+00:00","description":"Kessel ist ein romantisches Dorf an der Maas mit einer reichen Geschichte. Der malerische Markt, die monumentalen Geb\u00e4ude und das Castle de Keverberg sind einen Besuch wert.","breadcrumb":{"@id":"https:\/\/www.kessel-limburg.nl\/de\/#breadcrumb"},"inLanguage":"de","potentialAction":[{"@type":"ReadAction","target":["https:\/\/www.kessel-limburg.nl\/de\/"]}]},{"@type":"BreadcrumbList","@id":"https:\/\/www.kessel-limburg.nl\/de\/#breadcrumb","itemListElement":[{"@type":"ListItem","position":1,"name":"Home","item":"https:\/\/www.kessel-limburg.nl\/de\/nimm-mich-mit-nach-kessel\/"},{"@type":"ListItem","position":2,"name":"Nimm mich mit nach Kessel"}]},{"@type":"WebSite","@id":"https:\/\/www.kessel-limburg.nl\/de\/#website","url":"https:\/\/www.kessel-limburg.nl\/de\/","name":"Kessel Limburg - Neem me mee naar Kessel","description":"Romantisch maasdorp","potentialAction":[{"@type":"SearchAction","target":{"@type":"EntryPoint","urlTemplate":"https:\/\/www.kessel-limburg.nl\/de\/?s={search_term_string}"},"query-input":"required name=search_term_string"}],"inLanguage":"de"}]}},"_links":{"self":[{"href":"https:\/\/www.kessel-limburg.nl\/de\/wp-json\/wp\/v2\/pages\/1268"}],"collection":[{"href":"https:\/\/www.kessel-limburg.nl\/de\/wp-json\/wp\/v2\/pages"}],"about":[{"href":"https:\/\/www.kessel-limburg.nl\/de\/wp-json\/wp\/v2\/types\/page"}],"author":[{"embeddable":true,"href":"https:\/\/www.kessel-limburg.nl\/de\/wp-json\/wp\/v2\/users\/1"}],"replies":[{"embeddable":true,"href":"https:\/\/www.kessel-limburg.nl\/de\/wp-json\/wp\/v2\/comments?post=1268"}],"version-history":[{"count":5,"href":"https:\/\/www.kessel-limburg.nl\/de\/wp-json\/wp\/v2\/pages\/1268\/revisions"}],"predecessor-version":[{"id":1533,"href":"https:\/\/www.kessel-limburg.nl\/de\/wp-json\/wp\/v2\/pages\/1268\/revisions\/1533"}],"wp:attachment":[{"href":"https:\/\/www.kessel-limburg.nl\/de\/wp-json\/wp\/v2\/media?parent=1268"}],"curies":[{"name":"wp","href":"https:\/\/api.w.org\/{rel}","templated":true}]}}