{"id":1417,"date":"2018-11-02T15:20:33","date_gmt":"2018-11-02T14:20:33","guid":{"rendered":"https:\/\/www.kessel-limburg.nl\/kontakt-redaktion\/"},"modified":"2018-11-02T15:20:37","modified_gmt":"2018-11-02T14:20:37","slug":"kontakt-redaktion","status":"publish","type":"page","link":"https:\/\/www.kessel-limburg.nl\/de\/kontakt-redaktion\/","title":{"rendered":"Kontakt \/ Redaktion"},"content":{"rendered":"<p>[et_pb_section bb_built=&#8220;1&#8243; _builder_version=&#8220;3.0.75&#8243; background_image=&#8220;https:\/\/www.kessel-limburg.nl\/wp-content\/uploads\/2017\/09\/Header-Kessel-Limburg-Romantisch-maasdorp.jpg&#8220; parallax=&#8220;on&#8220; module_class=&#8220;sln_header_section&#8220;][et_pb_row][et_pb_column type=&#8220;4_4&#8243;][et_pb_text admin_label=&#8220;Header&#8220; _builder_version=&#8220;3.0.71&#8243; background_layout=&#8220;dark&#8220; text_orientation=&#8220;center&#8220; border_style=&#8220;solid&#8220; module_class=&#8220;sln_header_content&#8220; module_alignment=&#8220;center&#8220; \/][\/et_pb_column][\/et_pb_row][\/et_pb_section][et_pb_section bb_built=&#8220;1&#8243; fullwidth=&#8220;off&#8220; specialty=&#8220;off&#8220; _builder_version=&#8220;3.0.71&#8243; transparent_background=&#8220;on&#8220; background_color=&#8220;rgba(255,255,255,0)&#8220;][et_pb_row _builder_version=&#8220;3.0.71&#8243; background_repeat_1=&#8220;no-repeat&#8220; custom_width_px=&#8220;760px&#8220; background_repeat_2=&#8220;no-repeat&#8220;][et_pb_column type=&#8220;2_3&#8243;][et_pb_text admin_label=&#8220;Inhoud&#8220; _builder_version=&#8220;3.0.75&#8243; background_layout=&#8220;light&#8220; border_style=&#8220;solid&#8220;]<\/p>\n<h1 style=\"text-align: left;\">Kontakt \/ Redaktion<\/h1>\n<p>Diese Website wurde f\u00fcr &#8222;Dorps Overleg Kessel&#8220; entwickelt. Die Redakteure sind auch Teil von &#8222;Dorps Overleg Kessel&#8220;. Wenn du Kommentare, Erg\u00e4nzungen oder Veranstaltungen platzieren m\u00f6chtest, kontaktiere uns bitte \u00fcber das untenstehende Formular.<\/p>\n<p>Veranstaltungen werden nur dann platziert, wenn sie eine Erg\u00e4nzung f\u00fcr Kessel als Dorf sind.<\/p>\n<p>[\/et_pb_text][et_pb_contact_form _builder_version=&#8220;3.0.75&#8243; title=&#8220;Kontaktformular&#8220; success_message=&#8220;Vielen Dank f\u00fcr Ihre Nachricht&#8220; submit_button_text=&#8220;Senden&#8220; email=&#8220;luc@solino.nl&#8220; captcha=&#8220;on&#8220; use_redirect=&#8220;off&#8220; input_border_radius=&#8220;0&#8243; border_style=&#8220;solid&#8220; custom_button=&#8220;off&#8220; button_letter_spacing=&#8220;0&#8243; button_icon_placement=&#8220;right&#8220; button_letter_spacing_hover=&#8220;0&#8243; custom_message=&#8220;naam: %%naam%%||et_pb_line_break_holder||email: %%email%%||et_pb_line_break_holder||telefoon: %%telefoon%%||et_pb_line_break_holder||||et_pb_line_break_holder||bericht: ||et_pb_line_break_holder||%%bericht%%&#8220;] [et_pb_contact_field field_title=&#8220;Name&#8220; field_type=&#8220;input&#8220; field_id=&#8220;Naam&#8220; required_mark=&#8220;on&#8220; fullwidth_field=&#8220;off&#8220; _builder_version=&#8220;3.0.75&#8243; checkbox_checked=&#8220;off&#8220; checkbox_options=&#8220;%91{%22value%22:%22Naam%22,%22checked%22:0}%93&#8243; radio_options=&#8220;%91{%22value%22:%22Naam%22,%22checked%22:0}%93&#8243; select_options=&#8220;%91{%22value%22:%22Naam%22,%22checked%22:0}%93&#8243; min_length=&#8220;0&#8243; max_length=&#8220;0&#8243; allowed_symbols=&#8220;all&#8220; conditional_logic=&#8220;off&#8220; conditional_logic_relation=&#8220;off&#8220; conditional_logic_rules=&#8220;%91{%22field%22:%22email%22,%22condition%22:%22is%22,%22value%22:%22%22}%93&#8243; use_background_color_gradient=&#8220;off&#8220; background_color_gradient_start=&#8220;#2b87da&#8220; background_color_gradient_end=&#8220;#29c4a9&#8243; background_color_gradient_type=&#8220;linear&#8220; background_color_gradient_direction=&#8220;180deg&#8220; background_color_gradient_direction_radial=&#8220;center&#8220; background_color_gradient_start_position=&#8220;0%&#8220; background_color_gradient_end_position=&#8220;100%&#8220; parallax=&#8220;off&#8220; parallax_method=&#8220;on&#8220; background_size=&#8220;cover&#8220; background_position=&#8220;center&#8220; background_repeat=&#8220;no-repeat&#8220; background_blend=&#8220;normal&#8220; allow_player_pause=&#8220;off&#8220; text_orientation=&#8220;left&#8220; form_field_font_select=&#8220;default&#8220; form_field_font=&#8220;||||&#8220; form_field_text_align=&#8220;left&#8220; use_border_color=&#8220;off&#8220; border_style=&#8220;solid&#8220; \/][et_pb_contact_field field_title=&#8220;E-Mail-Adresse&#8220; field_type=&#8220;email&#8220; field_id=&#8220;Email&#8220; required_mark=&#8220;on&#8220; fullwidth_field=&#8220;off&#8220; _builder_version=&#8220;3.0.75&#8243; checkbox_checked=&#8220;off&#8220; checkbox_options=&#8220;%91{%22value%22:%22E-mailadres%22,%22checked%22:0}%93&#8243; radio_options=&#8220;%91{%22value%22:%22E-mailadres%22,%22checked%22:0}%93&#8243; select_options=&#8220;%91{%22value%22:%22E-mailadres%22,%22checked%22:0}%93&#8243; min_length=&#8220;0&#8243; max_length=&#8220;0&#8243; allowed_symbols=&#8220;all&#8220; conditional_logic=&#8220;off&#8220; conditional_logic_relation=&#8220;off&#8220; conditional_logic_rules=&#8220;%91{%22field%22:%22name%22,%22condition%22:%22is%22,%22value%22:%22%22}%93&#8243; use_background_color_gradient=&#8220;off&#8220; background_color_gradient_start=&#8220;#2b87da&#8220; background_color_gradient_end=&#8220;#29c4a9&#8243; background_color_gradient_type=&#8220;linear&#8220; background_color_gradient_direction=&#8220;180deg&#8220; background_color_gradient_direction_radial=&#8220;center&#8220; background_color_gradient_start_position=&#8220;0%&#8220; background_color_gradient_end_position=&#8220;100%&#8220; parallax=&#8220;off&#8220; parallax_method=&#8220;on&#8220; background_size=&#8220;cover&#8220; background_position=&#8220;center&#8220; background_repeat=&#8220;no-repeat&#8220; background_blend=&#8220;normal&#8220; allow_player_pause=&#8220;off&#8220; text_orientation=&#8220;left&#8220; form_field_font_select=&#8220;default&#8220; form_field_font=&#8220;||||&#8220; form_field_text_align=&#8220;left&#8220; use_border_color=&#8220;off&#8220; border_style=&#8220;solid&#8220; \/][et_pb_contact_field _builder_version=&#8220;3.0.75&#8243; field_id=&#8220;Telefoon&#8220; field_title=&#8220;Telefon&#8220; field_type=&#8220;input&#8220; checkbox_checked=&#8220;off&#8220; checkbox_options=&#8220;%91{%22value%22:%22%22,%22checked%22:0}%93&#8243; radio_options=&#8220;%91{%22value%22:%22%22,%22checked%22:0}%93&#8243; select_options=&#8220;%91{%22value%22:%22%22,%22checked%22:0}%93&#8243; min_length=&#8220;10&#8243; max_length=&#8220;20&#8243; allowed_symbols=&#8220;all&#8220; required_mark=&#8220;off&#8220; conditional_logic=&#8220;off&#8220; conditional_logic_relation=&#8220;off&#8220; conditional_logic_rules=&#8220;%91{%22field%22:%22name%22,%22condition%22:%22is%22,%22value%22:%22%22}%93&#8243; use_background_color_gradient=&#8220;off&#8220; background_color_gradient_start=&#8220;#2b87da&#8220; background_color_gradient_end=&#8220;#29c4a9&#8243; background_color_gradient_type=&#8220;linear&#8220; background_color_gradient_direction=&#8220;180deg&#8220; background_color_gradient_direction_radial=&#8220;center&#8220; background_color_gradient_start_position=&#8220;0%&#8220; background_color_gradient_end_position=&#8220;100%&#8220; parallax=&#8220;off&#8220; parallax_method=&#8220;on&#8220; background_size=&#8220;cover&#8220; background_position=&#8220;center&#8220; background_repeat=&#8220;no-repeat&#8220; background_blend=&#8220;normal&#8220; allow_player_pause=&#8220;off&#8220; fullwidth_field=&#8220;on&#8220; text_orientation=&#8220;left&#8220; form_field_font_select=&#8220;default&#8220; form_field_font=&#8220;||||&#8220; form_field_text_align=&#8220;left&#8220; use_border_color=&#8220;off&#8220; border_style=&#8220;solid&#8220; \/][et_pb_contact_field field_title=&#8220;Kommentar \/ Frage&#8220; field_type=&#8220;text&#8220; field_id=&#8220;Bericht&#8220; required_mark=&#8220;on&#8220; fullwidth_field=&#8220;on&#8220; _builder_version=&#8220;3.0.75&#8243; checkbox_checked=&#8220;off&#8220; checkbox_options=&#8220;%91{%22value%22:%22Bericht%22,%22checked%22:0}%93&#8243; radio_options=&#8220;%91{%22value%22:%22Bericht%22,%22checked%22:0}%93&#8243; select_options=&#8220;%91{%22value%22:%22Bericht%22,%22checked%22:0}%93&#8243; min_length=&#8220;0&#8243; max_length=&#8220;0&#8243; allowed_symbols=&#8220;all&#8220; conditional_logic=&#8220;off&#8220; conditional_logic_relation=&#8220;off&#8220; conditional_logic_rules=&#8220;%91{%22field%22:%22naam%22,%22condition%22:%22is%22,%22value%22:%22%22}%93&#8243; use_background_color_gradient=&#8220;off&#8220; background_color_gradient_start=&#8220;#2b87da&#8220; background_color_gradient_end=&#8220;#29c4a9&#8243; background_color_gradient_type=&#8220;linear&#8220; background_color_gradient_direction=&#8220;180deg&#8220; background_color_gradient_direction_radial=&#8220;center&#8220; background_color_gradient_start_position=&#8220;0%&#8220; background_color_gradient_end_position=&#8220;100%&#8220; parallax=&#8220;off&#8220; parallax_method=&#8220;on&#8220; background_size=&#8220;cover&#8220; background_position=&#8220;center&#8220; background_repeat=&#8220;no-repeat&#8220; background_blend=&#8220;normal&#8220; allow_player_pause=&#8220;off&#8220; text_orientation=&#8220;left&#8220; form_field_font_select=&#8220;default&#8220; form_field_font=&#8220;||||&#8220; form_field_text_align=&#8220;left&#8220; use_border_color=&#8220;off&#8220; border_style=&#8220;solid&#8220; \/] [\/et_pb_contact_form][\/et_pb_column][et_pb_column type=&#8220;1_3&#8243;][et_pb_text _builder_version=&#8220;3.0.75&#8243; background_layout=&#8220;light&#8220; border_style=&#8220;solid&#8220; custom_margin=&#8220;90px|||&#8220; custom_margin_tablet=&#8220;30px|||&#8220; custom_margin_last_edited=&#8220;on|desktop&#8220;]<\/p>\n<p>Diese Website wird erm\u00f6glicht durch:<\/p>\n<p><a href=\"https:\/\/www.peelenmaas.nl\/\" target=\"_blank\" rel=\"noopener\">Gemeente Peel &amp; Maas<\/a><br \/>\n<a href=\"https:\/\/www.rabobank.nl\/lokale-bank\/peel-maas-en-leudal\" target=\"_blank\" rel=\"noopener\">Rabobank Peel, Maas en Leudal<\/a><\/p>\n<p>und von Kesselse-Unternehmern entwickelt:<\/p>\n<p><a href=\"http:\/\/www.solino.nl\" target=\"_blank\" rel=\"noopener\">Solino &#8211; Ontwikkeling website<\/a><br \/>\n<a href=\"http:\/\/pittigmedia.nl\/\" target=\"_blank\" rel=\"noopener\">PITTIG in de media &#8211; teksten<\/a><br \/>\n<a href=\"http:\/\/www.artline.nl\" target=\"_blank\" rel=\"noopener\">Artline &#8211; Ontwerp huisstijl<\/a><br \/>\n<a href=\"http:\/\/www.pjpfilmstudio.nl\/\" target=\"_blank\" rel=\"noopener\">PJP Film &amp; TV-producties &#8211; Filmateriaal<\/a><br \/>\n<a href=\"http:\/\/www.dickholthuis.nl\/\" target=\"_blank\" rel=\"noopener\">Dick Holthuis &#8211; Fotografie<\/a><br \/>\n<a href=\"http:\/\/www.arsprintmedia.nl\/\" target=\"_blank\" rel=\"noopener\">ARS Printmedia &#8211; drukwerk<\/a><\/p>\n<p>&nbsp;<\/p>\n<p>[\/et_pb_text][\/et_pb_column][\/et_pb_row][\/et_pb_section]<\/p>\n","protected":false},"excerpt":{"rendered":"<p><div class=\"et_pb_row et_pb_row_0 et_pb_row_empty\">\n\t\t\t\t\n\t\t\t\t\n\t\t\t\t\n\t\t\t\t\n\t\t\t\t\n\t\t\t<\/div> Kontakt \/ Redaktion Diese Website wurde f\u00fcr &#8222;Dorps Overleg Kessel&#8220; entwickelt. Die Redakteure sind auch Teil von &#8222;Dorps Overleg Kessel&#8220;. Wenn du Kommentare, Erg\u00e4nzungen oder Veranstaltungen platzieren m\u00f6chtest, kontaktiere uns bitte \u00fcber das untenstehende Formular. Veranstaltungen werden nur dann platziert, wenn sie eine Erg\u00e4nzung f\u00fcr Kessel als Dorf sind. Diese Website wird erm\u00f6glicht durch: [&hellip;]<\/p>\n","protected":false},"author":1,"featured_media":0,"parent":0,"menu_order":0,"comment_status":"closed","ping_status":"closed","template":"","meta":{"_et_pb_use_builder":"on","_et_pb_old_content":"","_et_gb_content_width":"","footnotes":""},"yoast_head":"<!-- This site is optimized with the Yoast SEO plugin v21.7 - https:\/\/yoast.com\/wordpress\/plugins\/seo\/ -->\n<title>Kontakt \/ Redaktion | Kessel Limburg - Neem me mee naar Kessel<\/title>\n<meta name=\"robots\" content=\"index, follow, max-snippet:-1, max-image-preview:large, max-video-preview:-1\" \/>\n<link rel=\"canonical\" href=\"https:\/\/www.kessel-limburg.nl\/de\/kontakt-redaktion\/\" \/>\n<meta property=\"og:locale\" content=\"de_DE\" \/>\n<meta property=\"og:type\" content=\"article\" \/>\n<meta property=\"og:title\" content=\"Kontakt \/ Redaktion | Kessel Limburg - Neem me mee naar Kessel\" \/>\n<meta property=\"og:description\" content=\"Kontakt \/ Redaktion Diese Website wurde f\u00fcr &quot;Dorps Overleg Kessel&quot; entwickelt. Die Redakteure sind auch Teil von &quot;Dorps Overleg Kessel&quot;. Wenn du Kommentare, Erg\u00e4nzungen oder Veranstaltungen platzieren m\u00f6chtest, kontaktiere uns bitte \u00fcber das untenstehende Formular. Veranstaltungen werden nur dann platziert, wenn sie eine Erg\u00e4nzung f\u00fcr Kessel als Dorf sind. Diese Website wird erm\u00f6glicht durch: [&hellip;]\" \/>\n<meta property=\"og:url\" content=\"https:\/\/www.kessel-limburg.nl\/de\/kontakt-redaktion\/\" \/>\n<meta property=\"og:site_name\" content=\"Kessel Limburg - Neem me mee naar Kessel\" \/>\n<meta property=\"article:modified_time\" content=\"2018-11-02T14:20:37+00:00\" \/>\n<meta name=\"twitter:card\" content=\"summary_large_image\" \/>\n<meta name=\"twitter:label1\" content=\"Gesch\u00e4tzte Lesezeit\" \/>\n\t<meta name=\"twitter:data1\" content=\"5\u00a0Minuten\" \/>\n<script type=\"application\/ld+json\" class=\"yoast-schema-graph\">{\"@context\":\"https:\/\/schema.org\",\"@graph\":[{\"@type\":\"WebPage\",\"@id\":\"https:\/\/www.kessel-limburg.nl\/de\/kontakt-redaktion\/\",\"url\":\"https:\/\/www.kessel-limburg.nl\/de\/kontakt-redaktion\/\",\"name\":\"Kontakt \/ Redaktion | Kessel Limburg - Neem me mee naar Kessel\",\"isPartOf\":{\"@id\":\"https:\/\/www.kessel-limburg.nl\/de\/#website\"},\"datePublished\":\"2018-11-02T14:20:33+00:00\",\"dateModified\":\"2018-11-02T14:20:37+00:00\",\"breadcrumb\":{\"@id\":\"https:\/\/www.kessel-limburg.nl\/de\/kontakt-redaktion\/#breadcrumb\"},\"inLanguage\":\"de\",\"potentialAction\":[{\"@type\":\"ReadAction\",\"target\":[\"https:\/\/www.kessel-limburg.nl\/de\/kontakt-redaktion\/\"]}]},{\"@type\":\"BreadcrumbList\",\"@id\":\"https:\/\/www.kessel-limburg.nl\/de\/kontakt-redaktion\/#breadcrumb\",\"itemListElement\":[{\"@type\":\"ListItem\",\"position\":1,\"name\":\"Home\",\"item\":\"https:\/\/www.kessel-limburg.nl\/de\/nimm-mich-mit-nach-kessel\/\"},{\"@type\":\"ListItem\",\"position\":2,\"name\":\"Kontakt \/ Redaktion\"}]},{\"@type\":\"WebSite\",\"@id\":\"https:\/\/www.kessel-limburg.nl\/de\/#website\",\"url\":\"https:\/\/www.kessel-limburg.nl\/de\/\",\"name\":\"Kessel Limburg - Neem me mee naar Kessel\",\"description\":\"Romantisch maasdorp\",\"potentialAction\":[{\"@type\":\"SearchAction\",\"target\":{\"@type\":\"EntryPoint\",\"urlTemplate\":\"https:\/\/www.kessel-limburg.nl\/de\/?s={search_term_string}\"},\"query-input\":\"required name=search_term_string\"}],\"inLanguage\":\"de\"}]}<\/script>\n<!-- \/ Yoast SEO plugin. -->","yoast_head_json":{"title":"Kontakt \/ Redaktion | Kessel Limburg - Neem me mee naar Kessel","robots":{"index":"index","follow":"follow","max-snippet":"max-snippet:-1","max-image-preview":"max-image-preview:large","max-video-preview":"max-video-preview:-1"},"canonical":"https:\/\/www.kessel-limburg.nl\/de\/kontakt-redaktion\/","og_locale":"de_DE","og_type":"article","og_title":"Kontakt \/ Redaktion | Kessel Limburg - Neem me mee naar Kessel","og_description":"Kontakt \/ Redaktion Diese Website wurde f\u00fcr \"Dorps Overleg Kessel\" entwickelt. Die Redakteure sind auch Teil von \"Dorps Overleg Kessel\". Wenn du Kommentare, Erg\u00e4nzungen oder Veranstaltungen platzieren m\u00f6chtest, kontaktiere uns bitte \u00fcber das untenstehende Formular. Veranstaltungen werden nur dann platziert, wenn sie eine Erg\u00e4nzung f\u00fcr Kessel als Dorf sind. Diese Website wird erm\u00f6glicht durch: [&hellip;]","og_url":"https:\/\/www.kessel-limburg.nl\/de\/kontakt-redaktion\/","og_site_name":"Kessel Limburg - Neem me mee naar Kessel","article_modified_time":"2018-11-02T14:20:37+00:00","twitter_card":"summary_large_image","twitter_misc":{"Gesch\u00e4tzte Lesezeit":"5\u00a0Minuten"},"schema":{"@context":"https:\/\/schema.org","@graph":[{"@type":"WebPage","@id":"https:\/\/www.kessel-limburg.nl\/de\/kontakt-redaktion\/","url":"https:\/\/www.kessel-limburg.nl\/de\/kontakt-redaktion\/","name":"Kontakt \/ Redaktion | Kessel Limburg - Neem me mee naar Kessel","isPartOf":{"@id":"https:\/\/www.kessel-limburg.nl\/de\/#website"},"datePublished":"2018-11-02T14:20:33+00:00","dateModified":"2018-11-02T14:20:37+00:00","breadcrumb":{"@id":"https:\/\/www.kessel-limburg.nl\/de\/kontakt-redaktion\/#breadcrumb"},"inLanguage":"de","potentialAction":[{"@type":"ReadAction","target":["https:\/\/www.kessel-limburg.nl\/de\/kontakt-redaktion\/"]}]},{"@type":"BreadcrumbList","@id":"https:\/\/www.kessel-limburg.nl\/de\/kontakt-redaktion\/#breadcrumb","itemListElement":[{"@type":"ListItem","position":1,"name":"Home","item":"https:\/\/www.kessel-limburg.nl\/de\/nimm-mich-mit-nach-kessel\/"},{"@type":"ListItem","position":2,"name":"Kontakt \/ Redaktion"}]},{"@type":"WebSite","@id":"https:\/\/www.kessel-limburg.nl\/de\/#website","url":"https:\/\/www.kessel-limburg.nl\/de\/","name":"Kessel Limburg - Neem me mee naar Kessel","description":"Romantisch maasdorp","potentialAction":[{"@type":"SearchAction","target":{"@type":"EntryPoint","urlTemplate":"https:\/\/www.kessel-limburg.nl\/de\/?s={search_term_string}"},"query-input":"required name=search_term_string"}],"inLanguage":"de"}]}},"_links":{"self":[{"href":"https:\/\/www.kessel-limburg.nl\/de\/wp-json\/wp\/v2\/pages\/1417"}],"collection":[{"href":"https:\/\/www.kessel-limburg.nl\/de\/wp-json\/wp\/v2\/pages"}],"about":[{"href":"https:\/\/www.kessel-limburg.nl\/de\/wp-json\/wp\/v2\/types\/page"}],"author":[{"embeddable":true,"href":"https:\/\/www.kessel-limburg.nl\/de\/wp-json\/wp\/v2\/users\/1"}],"replies":[{"embeddable":true,"href":"https:\/\/www.kessel-limburg.nl\/de\/wp-json\/wp\/v2\/comments?post=1417"}],"version-history":[{"count":1,"href":"https:\/\/www.kessel-limburg.nl\/de\/wp-json\/wp\/v2\/pages\/1417\/revisions"}],"predecessor-version":[{"id":1418,"href":"https:\/\/www.kessel-limburg.nl\/de\/wp-json\/wp\/v2\/pages\/1417\/revisions\/1418"}],"wp:attachment":[{"href":"https:\/\/www.kessel-limburg.nl\/de\/wp-json\/wp\/v2\/media?parent=1417"}],"curies":[{"name":"wp","href":"https:\/\/api.w.org\/{rel}","templated":true}]}}