{"id":1419,"date":"2018-11-02T15:23:47","date_gmt":"2018-11-02T14:23:47","guid":{"rendered":"https:\/\/www.kessel-limburg.nl\/route-standort\/"},"modified":"2018-11-02T15:23:49","modified_gmt":"2018-11-02T14:23:49","slug":"route-standort","status":"publish","type":"page","link":"https:\/\/www.kessel-limburg.nl\/de\/route-standort\/","title":{"rendered":"Route &#038; Standort"},"content":{"rendered":"<p>[et_pb_section bb_built=&#8220;1&#8243; _builder_version=&#8220;3.0.75&#8243; background_image=&#8220;http:\/\/www.kessel-limburg.nl\/wp-content\/uploads\/2017\/08\/overigeheade01-1.jpg&#8220; parallax=&#8220;on&#8220; module_class=&#8220;sln_header_section&#8220;][et_pb_row][et_pb_column type=&#8220;4_4&#8243;][et_pb_text admin_label=&#8220;Header&#8220; _builder_version=&#8220;3.0.71&#8243; background_layout=&#8220;dark&#8220; text_orientation=&#8220;center&#8220; border_style=&#8220;solid&#8220; module_class=&#8220;sln_header_content&#8220; module_alignment=&#8220;center&#8220; \/][\/et_pb_column][\/et_pb_row][\/et_pb_section][et_pb_section bb_built=&#8220;1&#8243; fullwidth=&#8220;off&#8220; specialty=&#8220;off&#8220; _builder_version=&#8220;3.0.71&#8243; transparent_background=&#8220;on&#8220; background_color=&#8220;rgba(255,255,255,0)&#8220;][et_pb_row _builder_version=&#8220;3.0.71&#8243; background_repeat_1=&#8220;no-repeat&#8220; custom_width_px=&#8220;760px&#8220; background_repeat_2=&#8220;no-repeat&#8220;][et_pb_column type=&#8220;2_3&#8243;][et_pb_text admin_label=&#8220;Inhoud&#8220; _builder_version=&#8220;3.0.89&#8243; background_layout=&#8220;light&#8220; border_style=&#8220;solid&#8220; border_style_all=&#8220;solid&#8220;]<\/p>\n<h1 style=\"text-align: left;\">Route &amp; Standort<\/h1>\n<p>Kessel liegt an der Maas in einer H\u00f6he von ca. 20 Metern. In der N\u00e4he befinden sich die Kerne Heroes\/Panningen, Kessel\/Kessel-Eik, Reuver\/Beesel. Kessel grenzt an die Heldense bossen und Kesselse bergen, ein ausgedehntes Waldgebiet mit Wanderd\u00fcnen.<\/p>\n<p>Kessel ist die s\u00fcdliche Endstation des Middenpeelwegs (N277). Eine weitere wichtige Verkehrsader ist die Napoleonstra\u00dfe (N273). Kessel ist nur 10 km von den Autobahnen A67 und A73 entfernt.<\/p>\n<p>\u00dcbersetzt mit www.DeepL.com\/Translator<\/p>\n<p>[\/et_pb_text][\/et_pb_column][et_pb_column type=&#8220;1_3&#8243;][et_pb_image _builder_version=&#8220;3.0.89&#8243; src=&#8220;https:\/\/www.kessel-limburg.nl\/wp-content\/uploads\/2017\/11\/plattegrondkessel.jpg&#8220; show_in_lightbox=&#8220;on&#8220; url_new_window=&#8220;off&#8220; use_overlay=&#8220;off&#8220; sticky=&#8220;off&#8220; align=&#8220;left&#8220; always_center_on_mobile=&#8220;on&#8220; border_style=&#8220;solid&#8220; force_fullwidth=&#8220;off&#8220; animation=&#8220;off&#8220; show_bottom_space=&#8220;on&#8220; alt=&#8220;Grundriss\/Lage Kessel&#8220; \/][\/et_pb_column][\/et_pb_row][et_pb_row][et_pb_column type=&#8220;4_4&#8243;][et_pb_code _builder_version=&#8220;3.0.75&#8243;]&lt;iframe src=&#8220;https:\/\/www.google.com\/maps\/embed?pb=!1m14!1m12!1m3!1d12346.734593360656!2d6.048111838078567!3d51.29173630317351!2m3!1f0!2f0!3f0!3m2!1i1024!2i768!4f13.1!5e1!3m2!1snl!2snl!4v1505826296309&#8243; style=&#8220;max-width:100%&#8220; width=&#8220;1200&#8243; height=&#8220;600&#8243; frameborder=&#8220;0&#8243; style=&#8220;border:0&#8243; allowfullscreen&gt;&lt;\/iframe&gt;[\/et_pb_code][\/et_pb_column][\/et_pb_row][\/et_pb_section]<\/p>\n","protected":false},"excerpt":{"rendered":"<p><div class=\"et_pb_row et_pb_row_0 et_pb_row_empty\">\n\t\t\t\t\n\t\t\t\t\n\t\t\t\t\n\t\t\t\t\n\t\t\t\t\n\t\t\t<\/div> Route &amp; Standort Kessel liegt an der Maas in einer H\u00f6he von ca. 20 Metern. In der N\u00e4he befinden sich die Kerne Heroes\/Panningen, Kessel\/Kessel-Eik, Reuver\/Beesel. Kessel grenzt an die Heldense bossen und Kesselse bergen, ein ausgedehntes Waldgebiet mit Wanderd\u00fcnen. Kessel ist die s\u00fcdliche Endstation des Middenpeelwegs (N277). Eine weitere wichtige Verkehrsader ist die Napoleonstra\u00dfe [&hellip;]<\/p>\n","protected":false},"author":1,"featured_media":0,"parent":0,"menu_order":0,"comment_status":"closed","ping_status":"closed","template":"","meta":{"_et_pb_use_builder":"on","_et_pb_old_content":"","_et_gb_content_width":"","footnotes":""},"yoast_head":"<!-- This site is optimized with the Yoast SEO plugin v21.7 - https:\/\/yoast.com\/wordpress\/plugins\/seo\/ -->\n<title>Route &amp; Standort | Kessel Limburg - Neem me mee naar Kessel<\/title>\n<meta name=\"robots\" content=\"index, follow, max-snippet:-1, max-image-preview:large, max-video-preview:-1\" \/>\n<link rel=\"canonical\" href=\"https:\/\/www.kessel-limburg.nl\/de\/route-standort\/\" \/>\n<meta property=\"og:locale\" content=\"de_DE\" \/>\n<meta property=\"og:type\" content=\"article\" \/>\n<meta property=\"og:title\" content=\"Route &amp; Standort | Kessel Limburg - Neem me mee naar Kessel\" \/>\n<meta property=\"og:description\" content=\"Route &amp; Standort Kessel liegt an der Maas in einer H\u00f6he von ca. 20 Metern. In der N\u00e4he befinden sich die Kerne Heroes\/Panningen, Kessel\/Kessel-Eik, Reuver\/Beesel. Kessel grenzt an die Heldense bossen und Kesselse bergen, ein ausgedehntes Waldgebiet mit Wanderd\u00fcnen. Kessel ist die s\u00fcdliche Endstation des Middenpeelwegs (N277). Eine weitere wichtige Verkehrsader ist die Napoleonstra\u00dfe [&hellip;]\" \/>\n<meta property=\"og:url\" content=\"https:\/\/www.kessel-limburg.nl\/de\/route-standort\/\" \/>\n<meta property=\"og:site_name\" content=\"Kessel Limburg - Neem me mee naar Kessel\" \/>\n<meta property=\"article:modified_time\" content=\"2018-11-02T14:23:49+00:00\" \/>\n<meta name=\"twitter:card\" content=\"summary_large_image\" \/>\n<meta name=\"twitter:label1\" content=\"Gesch\u00e4tzte Lesezeit\" \/>\n\t<meta name=\"twitter:data1\" content=\"2\u00a0Minuten\" \/>\n<script type=\"application\/ld+json\" class=\"yoast-schema-graph\">{\"@context\":\"https:\/\/schema.org\",\"@graph\":[{\"@type\":\"WebPage\",\"@id\":\"https:\/\/www.kessel-limburg.nl\/de\/route-standort\/\",\"url\":\"https:\/\/www.kessel-limburg.nl\/de\/route-standort\/\",\"name\":\"Route & Standort | Kessel Limburg - Neem me mee naar Kessel\",\"isPartOf\":{\"@id\":\"https:\/\/www.kessel-limburg.nl\/de\/#website\"},\"datePublished\":\"2018-11-02T14:23:47+00:00\",\"dateModified\":\"2018-11-02T14:23:49+00:00\",\"breadcrumb\":{\"@id\":\"https:\/\/www.kessel-limburg.nl\/de\/route-standort\/#breadcrumb\"},\"inLanguage\":\"de\",\"potentialAction\":[{\"@type\":\"ReadAction\",\"target\":[\"https:\/\/www.kessel-limburg.nl\/de\/route-standort\/\"]}]},{\"@type\":\"BreadcrumbList\",\"@id\":\"https:\/\/www.kessel-limburg.nl\/de\/route-standort\/#breadcrumb\",\"itemListElement\":[{\"@type\":\"ListItem\",\"position\":1,\"name\":\"Home\",\"item\":\"https:\/\/www.kessel-limburg.nl\/de\/nimm-mich-mit-nach-kessel\/\"},{\"@type\":\"ListItem\",\"position\":2,\"name\":\"Route &#038; Standort\"}]},{\"@type\":\"WebSite\",\"@id\":\"https:\/\/www.kessel-limburg.nl\/de\/#website\",\"url\":\"https:\/\/www.kessel-limburg.nl\/de\/\",\"name\":\"Kessel Limburg - Neem me mee naar Kessel\",\"description\":\"Romantisch maasdorp\",\"potentialAction\":[{\"@type\":\"SearchAction\",\"target\":{\"@type\":\"EntryPoint\",\"urlTemplate\":\"https:\/\/www.kessel-limburg.nl\/de\/?s={search_term_string}\"},\"query-input\":\"required name=search_term_string\"}],\"inLanguage\":\"de\"}]}<\/script>\n<!-- \/ Yoast SEO plugin. -->","yoast_head_json":{"title":"Route & Standort | Kessel Limburg - Neem me mee naar Kessel","robots":{"index":"index","follow":"follow","max-snippet":"max-snippet:-1","max-image-preview":"max-image-preview:large","max-video-preview":"max-video-preview:-1"},"canonical":"https:\/\/www.kessel-limburg.nl\/de\/route-standort\/","og_locale":"de_DE","og_type":"article","og_title":"Route & Standort | Kessel Limburg - Neem me mee naar Kessel","og_description":"Route &amp; Standort Kessel liegt an der Maas in einer H\u00f6he von ca. 20 Metern. In der N\u00e4he befinden sich die Kerne Heroes\/Panningen, Kessel\/Kessel-Eik, Reuver\/Beesel. Kessel grenzt an die Heldense bossen und Kesselse bergen, ein ausgedehntes Waldgebiet mit Wanderd\u00fcnen. Kessel ist die s\u00fcdliche Endstation des Middenpeelwegs (N277). Eine weitere wichtige Verkehrsader ist die Napoleonstra\u00dfe [&hellip;]","og_url":"https:\/\/www.kessel-limburg.nl\/de\/route-standort\/","og_site_name":"Kessel Limburg - Neem me mee naar Kessel","article_modified_time":"2018-11-02T14:23:49+00:00","twitter_card":"summary_large_image","twitter_misc":{"Gesch\u00e4tzte Lesezeit":"2\u00a0Minuten"},"schema":{"@context":"https:\/\/schema.org","@graph":[{"@type":"WebPage","@id":"https:\/\/www.kessel-limburg.nl\/de\/route-standort\/","url":"https:\/\/www.kessel-limburg.nl\/de\/route-standort\/","name":"Route & Standort | Kessel Limburg - Neem me mee naar Kessel","isPartOf":{"@id":"https:\/\/www.kessel-limburg.nl\/de\/#website"},"datePublished":"2018-11-02T14:23:47+00:00","dateModified":"2018-11-02T14:23:49+00:00","breadcrumb":{"@id":"https:\/\/www.kessel-limburg.nl\/de\/route-standort\/#breadcrumb"},"inLanguage":"de","potentialAction":[{"@type":"ReadAction","target":["https:\/\/www.kessel-limburg.nl\/de\/route-standort\/"]}]},{"@type":"BreadcrumbList","@id":"https:\/\/www.kessel-limburg.nl\/de\/route-standort\/#breadcrumb","itemListElement":[{"@type":"ListItem","position":1,"name":"Home","item":"https:\/\/www.kessel-limburg.nl\/de\/nimm-mich-mit-nach-kessel\/"},{"@type":"ListItem","position":2,"name":"Route &#038; Standort"}]},{"@type":"WebSite","@id":"https:\/\/www.kessel-limburg.nl\/de\/#website","url":"https:\/\/www.kessel-limburg.nl\/de\/","name":"Kessel Limburg - Neem me mee naar Kessel","description":"Romantisch maasdorp","potentialAction":[{"@type":"SearchAction","target":{"@type":"EntryPoint","urlTemplate":"https:\/\/www.kessel-limburg.nl\/de\/?s={search_term_string}"},"query-input":"required name=search_term_string"}],"inLanguage":"de"}]}},"_links":{"self":[{"href":"https:\/\/www.kessel-limburg.nl\/de\/wp-json\/wp\/v2\/pages\/1419"}],"collection":[{"href":"https:\/\/www.kessel-limburg.nl\/de\/wp-json\/wp\/v2\/pages"}],"about":[{"href":"https:\/\/www.kessel-limburg.nl\/de\/wp-json\/wp\/v2\/types\/page"}],"author":[{"embeddable":true,"href":"https:\/\/www.kessel-limburg.nl\/de\/wp-json\/wp\/v2\/users\/1"}],"replies":[{"embeddable":true,"href":"https:\/\/www.kessel-limburg.nl\/de\/wp-json\/wp\/v2\/comments?post=1419"}],"version-history":[{"count":1,"href":"https:\/\/www.kessel-limburg.nl\/de\/wp-json\/wp\/v2\/pages\/1419\/revisions"}],"predecessor-version":[{"id":1420,"href":"https:\/\/www.kessel-limburg.nl\/de\/wp-json\/wp\/v2\/pages\/1419\/revisions\/1420"}],"wp:attachment":[{"href":"https:\/\/www.kessel-limburg.nl\/de\/wp-json\/wp\/v2\/media?parent=1419"}],"curies":[{"name":"wp","href":"https:\/\/api.w.org\/{rel}","templated":true}]}}