{"id":1421,"date":"2018-11-02T15:28:59","date_gmt":"2018-11-02T14:28:59","guid":{"rendered":"https:\/\/www.kessel-limburg.nl\/vvv-kessel\/"},"modified":"2018-11-02T15:29:00","modified_gmt":"2018-11-02T14:29:00","slug":"vvv-kessel","status":"publish","type":"page","link":"https:\/\/www.kessel-limburg.nl\/de\/vvv-kessel\/","title":{"rendered":"VVV Kessel"},"content":{"rendered":"<p>[et_pb_section bb_built=&#8220;1&#8243; _builder_version=&#8220;3.0.75&#8243; background_image=&#8220;https:\/\/www.kessel-limburg.nl\/wp-content\/uploads\/2017\/09\/header_sfeer_kerk.jpg&#8220; parallax=&#8220;on&#8220; module_class=&#8220;sln_header_section&#8220;][et_pb_row][et_pb_column type=&#8220;4_4&#8243;][et_pb_text admin_label=&#8220;Header&#8220; _builder_version=&#8220;3.0.71&#8243; background_layout=&#8220;dark&#8220; text_orientation=&#8220;center&#8220; border_style=&#8220;solid&#8220; module_class=&#8220;sln_header_content&#8220; module_alignment=&#8220;center&#8220; \/][\/et_pb_column][\/et_pb_row][\/et_pb_section][et_pb_section bb_built=&#8220;1&#8243; fullwidth=&#8220;off&#8220; specialty=&#8220;off&#8220; _builder_version=&#8220;3.0.71&#8243; transparent_background=&#8220;on&#8220; background_color=&#8220;rgba(255,255,255,0)&#8220;][et_pb_row _builder_version=&#8220;3.0.71&#8243; background_repeat_1=&#8220;no-repeat&#8220; custom_width_px=&#8220;760px&#8220; background_repeat_2=&#8220;no-repeat&#8220;][et_pb_column type=&#8220;2_3&#8243;][et_pb_text admin_label=&#8220;Inhoud&#8220; _builder_version=&#8220;3.0.89&#8243; background_layout=&#8220;light&#8220; border_style=&#8220;solid&#8220;]<\/p>\n<h1 style=\"text-align: left;\">VVV Kessel<\/h1>\n<p>Im VVV-Shop am Fu\u00dfe des Kasteel de Keverberg finden Sie touristische Informationen \u00fcber Peel und Maas und insbesondere \u00fcber Kessel. Im Shop werden verschiedene Geschenkgutscheine, Theater-, Dinner- und Regionalgutscheine verkauft. Auch f\u00fcr Rad- und Wanderkarten sind Sie bei uns an der richtigen Adresse, einschlie\u00dflich der Anschlusskarten dieser Region.<\/p>\n<h2>\u00d6ffnungszeiten<\/h2>\n<p><span style=\"text-decoration: underline;\">Monate Juli, August und September:<\/span><\/p>\n<p>Montag von 13:30h &#8211; 17:00h<br \/>\nDienstag bis Freitag 10:30h &#8211; 17:00h<br \/>\nSamstag von 11:00h &#8211; 15:00h<br \/>\nSonntag geschlossen<\/p>\n<p><span style=\"text-decoration: underline;\">Andere Monate (Oktober bis Juni):<\/span><\/p>\n<p>Montag bis Freitag von 13:30 &#8211; 17:00 Uhr<\/p>\n<p>[\/et_pb_text][\/et_pb_column][et_pb_column type=&#8220;1_3&#8243;][et_pb_image _builder_version=&#8220;3.0.75&#8243; src=&#8220;http:\/\/www.kessel-limburg.nl\/wp-content\/uploads\/2017\/09\/fietswandel01.jpg&#8220; show_in_lightbox=&#8220;on&#8220; url_new_window=&#8220;off&#8220; use_overlay=&#8220;off&#8220; sticky=&#8220;off&#8220; align=&#8220;left&#8220; always_center_on_mobile=&#8220;on&#8220; border_style=&#8220;solid&#8220; force_fullwidth=&#8220;off&#8220; animation=&#8220;off&#8220; show_bottom_space=&#8220;on&#8220; animation_direction=&#8220;off&#8220; \/][\/et_pb_column][\/et_pb_row][\/et_pb_section]<\/p>\n","protected":false},"excerpt":{"rendered":"<p><div class=\"et_pb_row et_pb_row_0 et_pb_row_empty\">\n\t\t\t\t\n\t\t\t\t\n\t\t\t\t\n\t\t\t\t\n\t\t\t\t\n\t\t\t<\/div> VVV Kessel Im VVV-Shop am Fu\u00dfe des Kasteel de Keverberg finden Sie touristische Informationen \u00fcber Peel und Maas und insbesondere \u00fcber Kessel. Im Shop werden verschiedene Geschenkgutscheine, Theater-, Dinner- und Regionalgutscheine verkauft. Auch f\u00fcr Rad- und Wanderkarten sind Sie bei uns an der richtigen Adresse, einschlie\u00dflich der Anschlusskarten dieser Region. \u00d6ffnungszeiten Monate Juli, August [&hellip;]<\/p>\n","protected":false},"author":1,"featured_media":0,"parent":0,"menu_order":0,"comment_status":"closed","ping_status":"closed","template":"","meta":{"_et_pb_use_builder":"on","_et_pb_old_content":"","_et_gb_content_width":"","footnotes":""},"yoast_head":"<!-- This site is optimized with the Yoast SEO plugin v21.7 - https:\/\/yoast.com\/wordpress\/plugins\/seo\/ -->\n<title>VVV Kessel | Kessel Limburg - Neem me mee naar Kessel<\/title>\n<meta name=\"robots\" content=\"index, follow, max-snippet:-1, max-image-preview:large, max-video-preview:-1\" \/>\n<link rel=\"canonical\" href=\"https:\/\/www.kessel-limburg.nl\/de\/vvv-kessel\/\" \/>\n<meta property=\"og:locale\" content=\"de_DE\" \/>\n<meta property=\"og:type\" content=\"article\" \/>\n<meta property=\"og:title\" content=\"VVV Kessel | Kessel Limburg - Neem me mee naar Kessel\" \/>\n<meta property=\"og:description\" content=\"VVV Kessel Im VVV-Shop am Fu\u00dfe des Kasteel de Keverberg finden Sie touristische Informationen \u00fcber Peel und Maas und insbesondere \u00fcber Kessel. Im Shop werden verschiedene Geschenkgutscheine, Theater-, Dinner- und Regionalgutscheine verkauft. Auch f\u00fcr Rad- und Wanderkarten sind Sie bei uns an der richtigen Adresse, einschlie\u00dflich der Anschlusskarten dieser Region. \u00d6ffnungszeiten Monate Juli, August [&hellip;]\" \/>\n<meta property=\"og:url\" content=\"https:\/\/www.kessel-limburg.nl\/de\/vvv-kessel\/\" \/>\n<meta property=\"og:site_name\" content=\"Kessel Limburg - Neem me mee naar Kessel\" \/>\n<meta property=\"article:modified_time\" content=\"2018-11-02T14:29:00+00:00\" \/>\n<meta name=\"twitter:card\" content=\"summary_large_image\" \/>\n<meta name=\"twitter:label1\" content=\"Gesch\u00e4tzte Lesezeit\" \/>\n\t<meta name=\"twitter:data1\" content=\"1\u00a0Minute\" \/>\n<script type=\"application\/ld+json\" class=\"yoast-schema-graph\">{\"@context\":\"https:\/\/schema.org\",\"@graph\":[{\"@type\":\"WebPage\",\"@id\":\"https:\/\/www.kessel-limburg.nl\/de\/vvv-kessel\/\",\"url\":\"https:\/\/www.kessel-limburg.nl\/de\/vvv-kessel\/\",\"name\":\"VVV Kessel | Kessel Limburg - Neem me mee naar Kessel\",\"isPartOf\":{\"@id\":\"https:\/\/www.kessel-limburg.nl\/de\/#website\"},\"datePublished\":\"2018-11-02T14:28:59+00:00\",\"dateModified\":\"2018-11-02T14:29:00+00:00\",\"breadcrumb\":{\"@id\":\"https:\/\/www.kessel-limburg.nl\/de\/vvv-kessel\/#breadcrumb\"},\"inLanguage\":\"de\",\"potentialAction\":[{\"@type\":\"ReadAction\",\"target\":[\"https:\/\/www.kessel-limburg.nl\/de\/vvv-kessel\/\"]}]},{\"@type\":\"BreadcrumbList\",\"@id\":\"https:\/\/www.kessel-limburg.nl\/de\/vvv-kessel\/#breadcrumb\",\"itemListElement\":[{\"@type\":\"ListItem\",\"position\":1,\"name\":\"Home\",\"item\":\"https:\/\/www.kessel-limburg.nl\/de\/nimm-mich-mit-nach-kessel\/\"},{\"@type\":\"ListItem\",\"position\":2,\"name\":\"VVV Kessel\"}]},{\"@type\":\"WebSite\",\"@id\":\"https:\/\/www.kessel-limburg.nl\/de\/#website\",\"url\":\"https:\/\/www.kessel-limburg.nl\/de\/\",\"name\":\"Kessel Limburg - Neem me mee naar Kessel\",\"description\":\"Romantisch maasdorp\",\"potentialAction\":[{\"@type\":\"SearchAction\",\"target\":{\"@type\":\"EntryPoint\",\"urlTemplate\":\"https:\/\/www.kessel-limburg.nl\/de\/?s={search_term_string}\"},\"query-input\":\"required name=search_term_string\"}],\"inLanguage\":\"de\"}]}<\/script>\n<!-- \/ Yoast SEO plugin. -->","yoast_head_json":{"title":"VVV Kessel | Kessel Limburg - Neem me mee naar Kessel","robots":{"index":"index","follow":"follow","max-snippet":"max-snippet:-1","max-image-preview":"max-image-preview:large","max-video-preview":"max-video-preview:-1"},"canonical":"https:\/\/www.kessel-limburg.nl\/de\/vvv-kessel\/","og_locale":"de_DE","og_type":"article","og_title":"VVV Kessel | Kessel Limburg - Neem me mee naar Kessel","og_description":"VVV Kessel Im VVV-Shop am Fu\u00dfe des Kasteel de Keverberg finden Sie touristische Informationen \u00fcber Peel und Maas und insbesondere \u00fcber Kessel. Im Shop werden verschiedene Geschenkgutscheine, Theater-, Dinner- und Regionalgutscheine verkauft. Auch f\u00fcr Rad- und Wanderkarten sind Sie bei uns an der richtigen Adresse, einschlie\u00dflich der Anschlusskarten dieser Region. \u00d6ffnungszeiten Monate Juli, August [&hellip;]","og_url":"https:\/\/www.kessel-limburg.nl\/de\/vvv-kessel\/","og_site_name":"Kessel Limburg - Neem me mee naar Kessel","article_modified_time":"2018-11-02T14:29:00+00:00","twitter_card":"summary_large_image","twitter_misc":{"Gesch\u00e4tzte Lesezeit":"1\u00a0Minute"},"schema":{"@context":"https:\/\/schema.org","@graph":[{"@type":"WebPage","@id":"https:\/\/www.kessel-limburg.nl\/de\/vvv-kessel\/","url":"https:\/\/www.kessel-limburg.nl\/de\/vvv-kessel\/","name":"VVV Kessel | Kessel Limburg - Neem me mee naar Kessel","isPartOf":{"@id":"https:\/\/www.kessel-limburg.nl\/de\/#website"},"datePublished":"2018-11-02T14:28:59+00:00","dateModified":"2018-11-02T14:29:00+00:00","breadcrumb":{"@id":"https:\/\/www.kessel-limburg.nl\/de\/vvv-kessel\/#breadcrumb"},"inLanguage":"de","potentialAction":[{"@type":"ReadAction","target":["https:\/\/www.kessel-limburg.nl\/de\/vvv-kessel\/"]}]},{"@type":"BreadcrumbList","@id":"https:\/\/www.kessel-limburg.nl\/de\/vvv-kessel\/#breadcrumb","itemListElement":[{"@type":"ListItem","position":1,"name":"Home","item":"https:\/\/www.kessel-limburg.nl\/de\/nimm-mich-mit-nach-kessel\/"},{"@type":"ListItem","position":2,"name":"VVV Kessel"}]},{"@type":"WebSite","@id":"https:\/\/www.kessel-limburg.nl\/de\/#website","url":"https:\/\/www.kessel-limburg.nl\/de\/","name":"Kessel Limburg - Neem me mee naar Kessel","description":"Romantisch maasdorp","potentialAction":[{"@type":"SearchAction","target":{"@type":"EntryPoint","urlTemplate":"https:\/\/www.kessel-limburg.nl\/de\/?s={search_term_string}"},"query-input":"required name=search_term_string"}],"inLanguage":"de"}]}},"_links":{"self":[{"href":"https:\/\/www.kessel-limburg.nl\/de\/wp-json\/wp\/v2\/pages\/1421"}],"collection":[{"href":"https:\/\/www.kessel-limburg.nl\/de\/wp-json\/wp\/v2\/pages"}],"about":[{"href":"https:\/\/www.kessel-limburg.nl\/de\/wp-json\/wp\/v2\/types\/page"}],"author":[{"embeddable":true,"href":"https:\/\/www.kessel-limburg.nl\/de\/wp-json\/wp\/v2\/users\/1"}],"replies":[{"embeddable":true,"href":"https:\/\/www.kessel-limburg.nl\/de\/wp-json\/wp\/v2\/comments?post=1421"}],"version-history":[{"count":1,"href":"https:\/\/www.kessel-limburg.nl\/de\/wp-json\/wp\/v2\/pages\/1421\/revisions"}],"predecessor-version":[{"id":1422,"href":"https:\/\/www.kessel-limburg.nl\/de\/wp-json\/wp\/v2\/pages\/1421\/revisions\/1422"}],"wp:attachment":[{"href":"https:\/\/www.kessel-limburg.nl\/de\/wp-json\/wp\/v2\/media?parent=1421"}],"curies":[{"name":"wp","href":"https:\/\/api.w.org\/{rel}","templated":true}]}}