{"id":1425,"date":"2018-11-02T15:55:57","date_gmt":"2018-11-02T14:55:57","guid":{"rendered":"https:\/\/www.kessel-limburg.nl\/uber-kessel\/"},"modified":"2018-11-02T15:55:59","modified_gmt":"2018-11-02T14:55:59","slug":"uber-kessel","status":"publish","type":"page","link":"https:\/\/www.kessel-limburg.nl\/de\/uber-kessel\/","title":{"rendered":"\u00dcber Kessel"},"content":{"rendered":"<p>[et_pb_section bb_built=&#8220;1&#8243; _builder_version=&#8220;3.0.75&#8243; background_image=&#8220;https:\/\/www.kessel-limburg.nl\/wp-content\/uploads\/2017\/09\/actueelheader01-1.jpg&#8220; parallax=&#8220;on&#8220; module_class=&#8220;sln_header_section&#8220;][et_pb_row][et_pb_column type=&#8220;4_4&#8243;][et_pb_text admin_label=&#8220;Header&#8220; _builder_version=&#8220;3.0.71&#8243; background_layout=&#8220;dark&#8220; text_orientation=&#8220;center&#8220; border_style=&#8220;solid&#8220; module_class=&#8220;sln_header_content&#8220; module_alignment=&#8220;center&#8220; \/][\/et_pb_column][\/et_pb_row][\/et_pb_section][et_pb_section bb_built=&#8220;1&#8243; fullwidth=&#8220;off&#8220; specialty=&#8220;off&#8220; _builder_version=&#8220;3.0.71&#8243; transparent_background=&#8220;on&#8220; background_color=&#8220;rgba(255,255,255,0)&#8220;][et_pb_row _builder_version=&#8220;3.0.71&#8243; background_repeat_1=&#8220;no-repeat&#8220; custom_width_px=&#8220;760px&#8220; background_repeat_2=&#8220;no-repeat&#8220;][et_pb_column type=&#8220;2_3&#8243;][et_pb_text admin_label=&#8220;Inhoud&#8220; _builder_version=&#8220;3.0.85&#8243; background_layout=&#8220;light&#8220;]<\/p>\n<h1 style=\"text-align: left;\">\u00dcber Kessel<\/h1>\n<h2 style=\"text-align: left;\">Geschichte<\/h2>\n<p>Kessel ist ein altes Maas-Dorf, das in der R\u00f6merzeit eine gewisse Bedeutung gehabt haben muss. Dies zeigt sich an verschiedenen Funden im Dorf, wie z.B. einem Dreigradstein, einer Villa rustica und einem r\u00f6mischen Helm.<\/p>\n<p>Der mittelalterliche Kessel wurde um einen Wachturm aus dem 10. Jahrhundert gebaut. Die \u00e4ltesten Schriften \u00fcber Kessel stammen m\u00f6glicherweise aus dem Ende des 11. Jahrhunderts. Im Donjon und sp\u00e4ter in der Burg lebten die Grafen von Kessel. Der letzte Graf von Kessel verkaufte das Dorf 1279 an Reinoud 1, Graf von Gelder, aus Geldmangel. Dies brachte das Dorf ins Overkwartier van Gelder, wo es zum Land van Kessel wurde. Im Jahr 1312 erhielt Kessel die Marktrechte.<\/p>\n<p>Nach 1648 geh\u00f6rte das Dorf zum spanischen Obergelre. W\u00e4hrend des spanischen Erbfolgekriegs wurde es von den staatlichen Truppen besetzt und anschlie\u00dfend an den preu\u00dfischen Verb\u00fcndeten \u00fcbergeben. Kessel blieb bis 1814 etwa ein Jahrhundert lang deutsch. Danach wurde es niederl\u00e4ndisch.<\/p>\n<p>W\u00e4hrend der Schlachten am Ende des Zweiten Weltkriegs wurden Schloss de Keverberg, die Kirche, der Dorfkern und die M\u00fchle schwer besch\u00e4digt. Nach dem Krieg blieb von der Burg nur noch die Ringburg \u00fcbrig. Im Jahr 2015 wurde die Ruine zum modernsten Schloss der Niederlande umgebaut.<\/p>\n<p>Kessel war eine der kleinsten unabh\u00e4ngigen Gemeinden in der Provinz Limburg. Im Jahr 2010 wurde die Gemeinde aufgel\u00f6st und mit der Gemeinde Peel en Maas zusammengefasst.<\/p>\n<p>[\/et_pb_text][\/et_pb_column][et_pb_column type=&#8220;1_3&#8243;][et_pb_image _builder_version=&#8220;3.0.75&#8243; src=&#8220;http:\/\/www.kessel-limburg.nl\/wp-content\/uploads\/2017\/09\/rondvaart2.jpg&#8220; show_in_lightbox=&#8220;on&#8220; url_new_window=&#8220;off&#8220; use_overlay=&#8220;off&#8220; sticky=&#8220;off&#8220; align=&#8220;left&#8220; always_center_on_mobile=&#8220;on&#8220; border_style=&#8220;solid&#8220; force_fullwidth=&#8220;off&#8220; animation=&#8220;off&#8220; show_bottom_space=&#8220;on&#8220; animation_direction=&#8220;off&#8220; \/][\/et_pb_column][\/et_pb_row][\/et_pb_section]<\/p>\n","protected":false},"excerpt":{"rendered":"<p><div class=\"et_pb_row et_pb_row_0 et_pb_row_empty\">\n\t\t\t\t\n\t\t\t\t\n\t\t\t\t\n\t\t\t\t\n\t\t\t\t\n\t\t\t<\/div> \u00dcber Kessel Geschichte Kessel ist ein altes Maas-Dorf, das in der R\u00f6merzeit eine gewisse Bedeutung gehabt haben muss. Dies zeigt sich an verschiedenen Funden im Dorf, wie z.B. einem Dreigradstein, einer Villa rustica und einem r\u00f6mischen Helm. Der mittelalterliche Kessel wurde um einen Wachturm aus dem 10. Jahrhundert gebaut. Die \u00e4ltesten Schriften \u00fcber Kessel [&hellip;]<\/p>\n","protected":false},"author":1,"featured_media":1195,"parent":0,"menu_order":0,"comment_status":"closed","ping_status":"closed","template":"","meta":{"_et_pb_use_builder":"on","_et_pb_old_content":"","_et_gb_content_width":"","footnotes":""},"yoast_head":"<!-- This site is optimized with the Yoast SEO plugin v21.7 - https:\/\/yoast.com\/wordpress\/plugins\/seo\/ -->\n<title>\u00dcber Kessel | Kessel Limburg - Neem me mee naar Kessel<\/title>\n<meta name=\"robots\" content=\"index, follow, max-snippet:-1, max-image-preview:large, max-video-preview:-1\" \/>\n<link rel=\"canonical\" href=\"https:\/\/www.kessel-limburg.nl\/de\/uber-kessel\/\" \/>\n<meta property=\"og:locale\" content=\"de_DE\" \/>\n<meta property=\"og:type\" content=\"article\" \/>\n<meta property=\"og:title\" content=\"\u00dcber Kessel | Kessel Limburg - Neem me mee naar Kessel\" \/>\n<meta property=\"og:description\" content=\"\u00dcber Kessel Geschichte Kessel ist ein altes Maas-Dorf, das in der R\u00f6merzeit eine gewisse Bedeutung gehabt haben muss. Dies zeigt sich an verschiedenen Funden im Dorf, wie z.B. einem Dreigradstein, einer Villa rustica und einem r\u00f6mischen Helm. Der mittelalterliche Kessel wurde um einen Wachturm aus dem 10. Jahrhundert gebaut. Die \u00e4ltesten Schriften \u00fcber Kessel [&hellip;]\" \/>\n<meta property=\"og:url\" content=\"https:\/\/www.kessel-limburg.nl\/de\/uber-kessel\/\" \/>\n<meta property=\"og:site_name\" content=\"Kessel Limburg - Neem me mee naar Kessel\" \/>\n<meta property=\"article:modified_time\" content=\"2018-11-02T14:55:59+00:00\" \/>\n<meta property=\"og:image\" content=\"https:\/\/www.kessel-limburg.nl\/wp-content\/uploads\/2017\/09\/rondvaart2.jpg\" \/>\n\t<meta property=\"og:image:width\" content=\"720\" \/>\n\t<meta property=\"og:image:height\" content=\"660\" \/>\n\t<meta property=\"og:image:type\" content=\"image\/jpeg\" \/>\n<meta name=\"twitter:card\" content=\"summary_large_image\" \/>\n<meta name=\"twitter:label1\" content=\"Gesch\u00e4tzte Lesezeit\" \/>\n\t<meta name=\"twitter:data1\" content=\"2\u00a0Minuten\" \/>\n<script type=\"application\/ld+json\" class=\"yoast-schema-graph\">{\"@context\":\"https:\/\/schema.org\",\"@graph\":[{\"@type\":\"WebPage\",\"@id\":\"https:\/\/www.kessel-limburg.nl\/de\/uber-kessel\/\",\"url\":\"https:\/\/www.kessel-limburg.nl\/de\/uber-kessel\/\",\"name\":\"\u00dcber Kessel | Kessel Limburg - Neem me mee naar Kessel\",\"isPartOf\":{\"@id\":\"https:\/\/www.kessel-limburg.nl\/de\/#website\"},\"datePublished\":\"2018-11-02T14:55:57+00:00\",\"dateModified\":\"2018-11-02T14:55:59+00:00\",\"breadcrumb\":{\"@id\":\"https:\/\/www.kessel-limburg.nl\/de\/uber-kessel\/#breadcrumb\"},\"inLanguage\":\"de\",\"potentialAction\":[{\"@type\":\"ReadAction\",\"target\":[\"https:\/\/www.kessel-limburg.nl\/de\/uber-kessel\/\"]}]},{\"@type\":\"BreadcrumbList\",\"@id\":\"https:\/\/www.kessel-limburg.nl\/de\/uber-kessel\/#breadcrumb\",\"itemListElement\":[{\"@type\":\"ListItem\",\"position\":1,\"name\":\"Home\",\"item\":\"https:\/\/www.kessel-limburg.nl\/de\/nimm-mich-mit-nach-kessel\/\"},{\"@type\":\"ListItem\",\"position\":2,\"name\":\"\u00dcber Kessel\"}]},{\"@type\":\"WebSite\",\"@id\":\"https:\/\/www.kessel-limburg.nl\/de\/#website\",\"url\":\"https:\/\/www.kessel-limburg.nl\/de\/\",\"name\":\"Kessel Limburg - Neem me mee naar Kessel\",\"description\":\"Romantisch maasdorp\",\"potentialAction\":[{\"@type\":\"SearchAction\",\"target\":{\"@type\":\"EntryPoint\",\"urlTemplate\":\"https:\/\/www.kessel-limburg.nl\/de\/?s={search_term_string}\"},\"query-input\":\"required name=search_term_string\"}],\"inLanguage\":\"de\"}]}<\/script>\n<!-- \/ Yoast SEO plugin. -->","yoast_head_json":{"title":"\u00dcber Kessel | Kessel Limburg - Neem me mee naar Kessel","robots":{"index":"index","follow":"follow","max-snippet":"max-snippet:-1","max-image-preview":"max-image-preview:large","max-video-preview":"max-video-preview:-1"},"canonical":"https:\/\/www.kessel-limburg.nl\/de\/uber-kessel\/","og_locale":"de_DE","og_type":"article","og_title":"\u00dcber Kessel | Kessel Limburg - Neem me mee naar Kessel","og_description":"\u00dcber Kessel Geschichte Kessel ist ein altes Maas-Dorf, das in der R\u00f6merzeit eine gewisse Bedeutung gehabt haben muss. Dies zeigt sich an verschiedenen Funden im Dorf, wie z.B. einem Dreigradstein, einer Villa rustica und einem r\u00f6mischen Helm. Der mittelalterliche Kessel wurde um einen Wachturm aus dem 10. Jahrhundert gebaut. Die \u00e4ltesten Schriften \u00fcber Kessel [&hellip;]","og_url":"https:\/\/www.kessel-limburg.nl\/de\/uber-kessel\/","og_site_name":"Kessel Limburg - Neem me mee naar Kessel","article_modified_time":"2018-11-02T14:55:59+00:00","og_image":[{"width":720,"height":660,"url":"https:\/\/www.kessel-limburg.nl\/wp-content\/uploads\/2017\/09\/rondvaart2.jpg","type":"image\/jpeg"}],"twitter_card":"summary_large_image","twitter_misc":{"Gesch\u00e4tzte Lesezeit":"2\u00a0Minuten"},"schema":{"@context":"https:\/\/schema.org","@graph":[{"@type":"WebPage","@id":"https:\/\/www.kessel-limburg.nl\/de\/uber-kessel\/","url":"https:\/\/www.kessel-limburg.nl\/de\/uber-kessel\/","name":"\u00dcber Kessel | Kessel Limburg - Neem me mee naar Kessel","isPartOf":{"@id":"https:\/\/www.kessel-limburg.nl\/de\/#website"},"datePublished":"2018-11-02T14:55:57+00:00","dateModified":"2018-11-02T14:55:59+00:00","breadcrumb":{"@id":"https:\/\/www.kessel-limburg.nl\/de\/uber-kessel\/#breadcrumb"},"inLanguage":"de","potentialAction":[{"@type":"ReadAction","target":["https:\/\/www.kessel-limburg.nl\/de\/uber-kessel\/"]}]},{"@type":"BreadcrumbList","@id":"https:\/\/www.kessel-limburg.nl\/de\/uber-kessel\/#breadcrumb","itemListElement":[{"@type":"ListItem","position":1,"name":"Home","item":"https:\/\/www.kessel-limburg.nl\/de\/nimm-mich-mit-nach-kessel\/"},{"@type":"ListItem","position":2,"name":"\u00dcber Kessel"}]},{"@type":"WebSite","@id":"https:\/\/www.kessel-limburg.nl\/de\/#website","url":"https:\/\/www.kessel-limburg.nl\/de\/","name":"Kessel Limburg - Neem me mee naar Kessel","description":"Romantisch maasdorp","potentialAction":[{"@type":"SearchAction","target":{"@type":"EntryPoint","urlTemplate":"https:\/\/www.kessel-limburg.nl\/de\/?s={search_term_string}"},"query-input":"required name=search_term_string"}],"inLanguage":"de"}]}},"_links":{"self":[{"href":"https:\/\/www.kessel-limburg.nl\/de\/wp-json\/wp\/v2\/pages\/1425"}],"collection":[{"href":"https:\/\/www.kessel-limburg.nl\/de\/wp-json\/wp\/v2\/pages"}],"about":[{"href":"https:\/\/www.kessel-limburg.nl\/de\/wp-json\/wp\/v2\/types\/page"}],"author":[{"embeddable":true,"href":"https:\/\/www.kessel-limburg.nl\/de\/wp-json\/wp\/v2\/users\/1"}],"replies":[{"embeddable":true,"href":"https:\/\/www.kessel-limburg.nl\/de\/wp-json\/wp\/v2\/comments?post=1425"}],"version-history":[{"count":1,"href":"https:\/\/www.kessel-limburg.nl\/de\/wp-json\/wp\/v2\/pages\/1425\/revisions"}],"predecessor-version":[{"id":1426,"href":"https:\/\/www.kessel-limburg.nl\/de\/wp-json\/wp\/v2\/pages\/1425\/revisions\/1426"}],"wp:featuredmedia":[{"embeddable":true,"href":"https:\/\/www.kessel-limburg.nl\/de\/wp-json\/wp\/v2\/media\/1195"}],"wp:attachment":[{"href":"https:\/\/www.kessel-limburg.nl\/de\/wp-json\/wp\/v2\/media?parent=1425"}],"curies":[{"name":"wp","href":"https:\/\/api.w.org\/{rel}","templated":true}]}}