{"id":1427,"date":"2018-11-02T15:57:48","date_gmt":"2018-11-02T14:57:48","guid":{"rendered":"https:\/\/www.kessel-limburg.nl\/ubernachten\/"},"modified":"2018-11-02T16:02:01","modified_gmt":"2018-11-02T15:02:01","slug":"ubernachten","status":"publish","type":"page","link":"https:\/\/www.kessel-limburg.nl\/de\/ubernachten\/","title":{"rendered":"\u00dcbernachten"},"content":{"rendered":"<p>[et_pb_section bb_built=&#8220;1&#8243; _builder_version=&#8220;3.0.71&#8243; background_image=&#8220;http:\/\/www.kessel-limburg.nl\/wp-content\/uploads\/2017\/08\/Overnachten02header.jpg&#8220; parallax=&#8220;on&#8220; module_class=&#8220;sln_header_section&#8220;][et_pb_row][et_pb_column type=&#8220;4_4&#8243;][et_pb_text admin_label=&#8220;Header tekst&#8220; _builder_version=&#8220;3.0.71&#8243; background_layout=&#8220;dark&#8220; text_orientation=&#8220;center&#8220; border_style=&#8220;solid&#8220; module_class=&#8220;sln_header_content&#8220; module_alignment=&#8220;center&#8220; \/][\/et_pb_column][\/et_pb_row][\/et_pb_section][et_pb_section bb_built=&#8220;1&#8243; fullwidth=&#8220;off&#8220; specialty=&#8220;off&#8220; _builder_version=&#8220;3.0.71&#8243; transparent_background=&#8220;on&#8220; background_color=&#8220;rgba(255,255,255,0)&#8220;][et_pb_row _builder_version=&#8220;3.0.71&#8243; background_repeat_1=&#8220;no-repeat&#8220; custom_width_px=&#8220;760px&#8220;][et_pb_column type=&#8220;4_4&#8243;][et_pb_text admin_label=&#8220;Overnachten&#8220; _builder_version=&#8220;3.0.75&#8243; background_layout=&#8220;light&#8220; border_style=&#8220;solid&#8220; module_alignment=&#8220;left&#8220;]<\/p>\n<h1 style=\"text-align: center;\">\u00dcbernachten<\/h1>\n<p style=\"text-align: center;\">\u00dcbernachten in einem Design B&amp;B oder zelten beim Bauern &#8211; f\u00fcr ein paar N\u00e4chte oder l\u00e4nger? Romantisch, ein Wochenende zu zweit oder mit einer Gruppe von Freunden?\u00a0In Kessel ist alles m\u00f6glich!<\/p>\n<p>[\/et_pb_text][et_pb_blog _builder_version=&#8220;3.0.71&#8243; include_categories=&#8220;5&#8243; show_content=&#8220;off&#8220; offset_number=&#8220;0&#8243; show_thumbnail=&#8220;on&#8220; show_more=&#8220;off&#8220; show_author=&#8220;off&#8220; show_date=&#8220;off&#8220; show_categories=&#8220;off&#8220; show_comments=&#8220;off&#8220; show_pagination=&#8220;off&#8220; fullwidth=&#8220;off&#8220; use_dropshadow=&#8220;off&#8220; use_overlay=&#8220;off&#8220; background_layout=&#8220;light&#8220; border_style=&#8220;solid&#8220; module_class=&#8220;bloglayout&#8220; posts_number=&#8220;100&#8243; \/][\/et_pb_column][\/et_pb_row][\/et_pb_section]<\/p>\n","protected":false},"excerpt":{"rendered":"<p><div class=\"et_pb_row et_pb_row_0 et_pb_row_empty\">\n\t\t\t\t\n\t\t\t\t\n\t\t\t\t\n\t\t\t\t\n\t\t\t\t\n\t\t\t<\/div> \u00dcbernachten \u00dcbernachten in einem Design B&amp;B oder zelten beim Bauern &#8211; f\u00fcr ein paar N\u00e4chte oder l\u00e4nger? Romantisch, ein Wochenende zu zweit oder mit einer Gruppe von Freunden?\u00a0In Kessel ist alles m\u00f6glich!<\/p>\n","protected":false},"author":1,"featured_media":0,"parent":0,"menu_order":0,"comment_status":"closed","ping_status":"closed","template":"","meta":{"_et_pb_use_builder":"on","_et_pb_old_content":"","_et_gb_content_width":"","footnotes":""},"yoast_head":"<!-- This site is optimized with the Yoast SEO plugin v21.7 - https:\/\/yoast.com\/wordpress\/plugins\/seo\/ -->\n<title>\u00dcbernachten | Kessel Limburg - Neem me mee naar Kessel<\/title>\n<meta name=\"robots\" content=\"index, follow, max-snippet:-1, max-image-preview:large, max-video-preview:-1\" \/>\n<link rel=\"canonical\" href=\"https:\/\/www.kessel-limburg.nl\/de\/ubernachten\/\" \/>\n<meta property=\"og:locale\" content=\"de_DE\" \/>\n<meta property=\"og:type\" content=\"article\" \/>\n<meta property=\"og:title\" content=\"\u00dcbernachten | Kessel Limburg - Neem me mee naar Kessel\" \/>\n<meta property=\"og:description\" content=\"\u00dcbernachten \u00dcbernachten in einem Design B&amp;B oder zelten beim Bauern - f\u00fcr ein paar N\u00e4chte oder l\u00e4nger? Romantisch, ein Wochenende zu zweit oder mit einer Gruppe von Freunden?\u00a0In Kessel ist alles m\u00f6glich!\" \/>\n<meta property=\"og:url\" content=\"https:\/\/www.kessel-limburg.nl\/de\/ubernachten\/\" \/>\n<meta property=\"og:site_name\" content=\"Kessel Limburg - Neem me mee naar Kessel\" \/>\n<meta property=\"article:modified_time\" content=\"2018-11-02T15:02:01+00:00\" \/>\n<meta name=\"twitter:card\" content=\"summary_large_image\" \/>\n<meta name=\"twitter:label1\" content=\"Gesch\u00e4tzte Lesezeit\" \/>\n\t<meta name=\"twitter:data1\" content=\"1\u00a0Minute\" \/>\n<script type=\"application\/ld+json\" class=\"yoast-schema-graph\">{\"@context\":\"https:\/\/schema.org\",\"@graph\":[{\"@type\":\"WebPage\",\"@id\":\"https:\/\/www.kessel-limburg.nl\/de\/ubernachten\/\",\"url\":\"https:\/\/www.kessel-limburg.nl\/de\/ubernachten\/\",\"name\":\"\u00dcbernachten | Kessel Limburg - Neem me mee naar Kessel\",\"isPartOf\":{\"@id\":\"https:\/\/www.kessel-limburg.nl\/de\/#website\"},\"datePublished\":\"2018-11-02T14:57:48+00:00\",\"dateModified\":\"2018-11-02T15:02:01+00:00\",\"breadcrumb\":{\"@id\":\"https:\/\/www.kessel-limburg.nl\/de\/ubernachten\/#breadcrumb\"},\"inLanguage\":\"de\",\"potentialAction\":[{\"@type\":\"ReadAction\",\"target\":[\"https:\/\/www.kessel-limburg.nl\/de\/ubernachten\/\"]}]},{\"@type\":\"BreadcrumbList\",\"@id\":\"https:\/\/www.kessel-limburg.nl\/de\/ubernachten\/#breadcrumb\",\"itemListElement\":[{\"@type\":\"ListItem\",\"position\":1,\"name\":\"Home\",\"item\":\"https:\/\/www.kessel-limburg.nl\/de\/nimm-mich-mit-nach-kessel\/\"},{\"@type\":\"ListItem\",\"position\":2,\"name\":\"\u00dcbernachten\"}]},{\"@type\":\"WebSite\",\"@id\":\"https:\/\/www.kessel-limburg.nl\/de\/#website\",\"url\":\"https:\/\/www.kessel-limburg.nl\/de\/\",\"name\":\"Kessel Limburg - Neem me mee naar Kessel\",\"description\":\"Romantisch maasdorp\",\"potentialAction\":[{\"@type\":\"SearchAction\",\"target\":{\"@type\":\"EntryPoint\",\"urlTemplate\":\"https:\/\/www.kessel-limburg.nl\/de\/?s={search_term_string}\"},\"query-input\":\"required name=search_term_string\"}],\"inLanguage\":\"de\"}]}<\/script>\n<!-- \/ Yoast SEO plugin. -->","yoast_head_json":{"title":"\u00dcbernachten | Kessel Limburg - Neem me mee naar Kessel","robots":{"index":"index","follow":"follow","max-snippet":"max-snippet:-1","max-image-preview":"max-image-preview:large","max-video-preview":"max-video-preview:-1"},"canonical":"https:\/\/www.kessel-limburg.nl\/de\/ubernachten\/","og_locale":"de_DE","og_type":"article","og_title":"\u00dcbernachten | Kessel Limburg - Neem me mee naar Kessel","og_description":"\u00dcbernachten \u00dcbernachten in einem Design B&amp;B oder zelten beim Bauern - f\u00fcr ein paar N\u00e4chte oder l\u00e4nger? Romantisch, ein Wochenende zu zweit oder mit einer Gruppe von Freunden?\u00a0In Kessel ist alles m\u00f6glich!","og_url":"https:\/\/www.kessel-limburg.nl\/de\/ubernachten\/","og_site_name":"Kessel Limburg - Neem me mee naar Kessel","article_modified_time":"2018-11-02T15:02:01+00:00","twitter_card":"summary_large_image","twitter_misc":{"Gesch\u00e4tzte Lesezeit":"1\u00a0Minute"},"schema":{"@context":"https:\/\/schema.org","@graph":[{"@type":"WebPage","@id":"https:\/\/www.kessel-limburg.nl\/de\/ubernachten\/","url":"https:\/\/www.kessel-limburg.nl\/de\/ubernachten\/","name":"\u00dcbernachten | Kessel Limburg - Neem me mee naar Kessel","isPartOf":{"@id":"https:\/\/www.kessel-limburg.nl\/de\/#website"},"datePublished":"2018-11-02T14:57:48+00:00","dateModified":"2018-11-02T15:02:01+00:00","breadcrumb":{"@id":"https:\/\/www.kessel-limburg.nl\/de\/ubernachten\/#breadcrumb"},"inLanguage":"de","potentialAction":[{"@type":"ReadAction","target":["https:\/\/www.kessel-limburg.nl\/de\/ubernachten\/"]}]},{"@type":"BreadcrumbList","@id":"https:\/\/www.kessel-limburg.nl\/de\/ubernachten\/#breadcrumb","itemListElement":[{"@type":"ListItem","position":1,"name":"Home","item":"https:\/\/www.kessel-limburg.nl\/de\/nimm-mich-mit-nach-kessel\/"},{"@type":"ListItem","position":2,"name":"\u00dcbernachten"}]},{"@type":"WebSite","@id":"https:\/\/www.kessel-limburg.nl\/de\/#website","url":"https:\/\/www.kessel-limburg.nl\/de\/","name":"Kessel Limburg - Neem me mee naar Kessel","description":"Romantisch maasdorp","potentialAction":[{"@type":"SearchAction","target":{"@type":"EntryPoint","urlTemplate":"https:\/\/www.kessel-limburg.nl\/de\/?s={search_term_string}"},"query-input":"required name=search_term_string"}],"inLanguage":"de"}]}},"_links":{"self":[{"href":"https:\/\/www.kessel-limburg.nl\/de\/wp-json\/wp\/v2\/pages\/1427"}],"collection":[{"href":"https:\/\/www.kessel-limburg.nl\/de\/wp-json\/wp\/v2\/pages"}],"about":[{"href":"https:\/\/www.kessel-limburg.nl\/de\/wp-json\/wp\/v2\/types\/page"}],"author":[{"embeddable":true,"href":"https:\/\/www.kessel-limburg.nl\/de\/wp-json\/wp\/v2\/users\/1"}],"replies":[{"embeddable":true,"href":"https:\/\/www.kessel-limburg.nl\/de\/wp-json\/wp\/v2\/comments?post=1427"}],"version-history":[{"count":3,"href":"https:\/\/www.kessel-limburg.nl\/de\/wp-json\/wp\/v2\/pages\/1427\/revisions"}],"predecessor-version":[{"id":1436,"href":"https:\/\/www.kessel-limburg.nl\/de\/wp-json\/wp\/v2\/pages\/1427\/revisions\/1436"}],"wp:attachment":[{"href":"https:\/\/www.kessel-limburg.nl\/de\/wp-json\/wp\/v2\/media?parent=1427"}],"curies":[{"name":"wp","href":"https:\/\/api.w.org\/{rel}","templated":true}]}}